{"id":19,"date":"2017-05-21T17:33:33","date_gmt":"2017-05-21T17:33:33","guid":{"rendered":"http:\/\/ridhusbelysning.nu\/?page_id=19"},"modified":"2017-05-21T17:33:33","modified_gmt":"2017-05-21T17:33:33","slug":"om-sidan","status":"publish","type":"page","link":"https:\/\/ridhusbelysning.nu\/?page_id=19","title":{"rendered":"Om sidan"},"content":{"rendered":"<p>P\u00e5 denna sida skriver vi artiklar som ska fungera som guider f\u00f6r ridhus av olika storlekar som vill effektivisera sin verksamhet genom led belysning. Vi kommer att rekommendera bra och p\u00e5litliga \u00e5terf\u00f6rs\u00e4ljare och produkter som lever upp till svenska Ridsportf\u00f6rbundet krav och riktlinjer. Sidan \u00e4r en oberoende k\u00e4lla och drivs inte av n\u00e5got vinstintresse.<\/p>\n","protected":false},"excerpt":{"rendered":"<p>P\u00e5 denna sida skriver vi artiklar som ska fungera som guider f\u00f6r ridhus av olika storlekar som vill effektivisera sin verksamhet genom led belysning. Vi kommer att rekommendera bra och p\u00e5litliga \u00e5terf\u00f6rs\u00e4ljare och produkter som lever upp till svenska Ridsportf\u00f6rbundet krav och riktlinjer. Sidan \u00e4r en oberoende k\u00e4lla och drivs [&hellip;]<\/p>\n","protected":false},"author":1,"featured_media":0,"parent":0,"menu_order":0,"comment_status":"closed","ping_status":"closed","template":"","meta":[],"_links":{"self":[{"href":"https:\/\/ridhusbelysning.nu\/index.php?rest_route=\/wp\/v2\/pages\/19"}],"collection":[{"href":"https:\/\/ridhusbelysning.nu\/index.php?rest_route=\/wp\/v2\/pages"}],"about":[{"href":"https:\/\/ridhusbelysning.nu\/index.php?rest_route=\/wp\/v2\/types\/page"}],"author":[{"embeddable":true,"href":"https:\/\/ridhusbelysning.nu\/index.php?rest_route=\/wp\/v2\/users\/1"}],"replies":[{"embeddable":true,"href":"https:\/\/ridhusbelysning.nu\/index.php?rest_route=%2Fwp%2Fv2%2Fcomments&post=19"}],"version-history":[{"count":1,"href":"https:\/\/ridhusbelysning.nu\/index.php?rest_route=\/wp\/v2\/pages\/19\/revisions"}],"predecessor-version":[{"id":20,"href":"https:\/\/ridhusbelysning.nu\/index.php?rest_route=\/wp\/v2\/pages\/19\/revisions\/20"}],"wp:attachment":[{"href":"https:\/\/ridhusbelysning.nu\/index.php?rest_route=%2Fwp%2Fv2%2Fmedia&parent=19"}],"curies":[{"name":"wp","href":"https:\/\/api.w.org\/{rel}","templated":true}]}}